{"id":773,"date":"2026-01-15T14:54:22","date_gmt":"2026-01-15T13:54:22","guid":{"rendered":"https:\/\/dev.polygonal.ngo\/biblioteca\/"},"modified":"2026-01-21T16:10:03","modified_gmt":"2026-01-21T15:10:03","slug":"biblioteca","status":"publish","type":"page","link":"https:\/\/polygonal.ngo\/it\/biblioteca\/","title":{"rendered":"Biblioteca"},"content":{"rendered":"\t\t<div data-elementor-type=\"wp-page\" data-elementor-id=\"773\" class=\"elementor elementor-773 elementor-695\" data-elementor-post-type=\"page\">\n\t\t\t\t<div class=\"elementor-element elementor-element-78e65f51 e-flex e-con-boxed e-con e-parent\" data-id=\"78e65f51\" data-element_type=\"container\" data-e-type=\"container\">\n\t\t\t\t\t<div class=\"e-con-inner\">\n\t\t\t\t<div class=\"elementor-element elementor-element-5da51f85 elementor-widget elementor-widget-flex-hero\" data-id=\"5da51f85\" data-element_type=\"widget\" data-e-type=\"widget\" data-settings=\"{&quot;primary_button_shape&quot;:&quot;round&quot;,&quot;layout_preset&quot;:&quot;showcase&quot;,&quot;layout_column_structure&quot;:&quot;50-50&quot;,&quot;layout_image_position&quot;:&quot;end&quot;,&quot;image_shape&quot;:&quot;sharp&quot;,&quot;box_shape&quot;:&quot;sharp&quot;}\" data-widget_type=\"flex-hero.default\">\n\t\t\t\t<div class=\"elementor-widget-container\">\n\t\t\t\t\t\t\t<div class=\"has-shape-sharp shape-type-box has-column-structure-50-50  ehp-flex-hero has-layout-preset-showcase has-image-stretch has-image-position-end\">\n\t\t\t\t\t\t<div class=\"ehp-flex-hero__overlay\"><\/div>\n\t\t\t<div class=\"ehp-flex-hero__content-container\">\n\t\t\t\t<h2 class=\"ehp-flex-hero__heading\">Biblioteca di Cori<\/h2><h3 class=\"ehp-flex-hero__subheading\">Come Polygonal, siamo orgogliosi di gestire la biblioteca e l\u2019archivio storico del Comune di Cori.<\/h3>\t\t\t<div class=\"ehp-flex-hero__ctas-container\">\n\t\t\t\t\t\t<a class=\"has-shape-round shape-type-button ehp-button ehp-button--primary ehp-flex-hero__button ehp-flex-hero__button--primary is-type-button has-border\" href=\"mailto:biblioteca@comune.cori.lt.it\">\n\t\t\t\t\t<span class=\"ehp-button__text ehp-flex-hero__button-text ehp-flex-hero__button-text--primary\">\n\t\t\tContattaci\t\t\t\t<\/a>\n\t\t\t\t\t\t\t\t\t<\/div>\n\t\t\t\t\t<\/div>\n\t\t\t\t<div class=\"ehp-flex-hero__image-wrapper\">\n\t\t\t\t\t<div class=\"ehp-image ehp-flex-hero__image-container\">\n\t\t\t\t<img decoding=\"async\" class=\"ehp-image__img ehp-flex-hero__img has-shape-sharp shape-type-image\" src=\"https:\/\/polygonal.ngo\/wp-content\/uploads\/2026\/01\/biblioteca-1.webp\" title=\"biblioteca-1\" alt=\"biblioteca-1\" loading=\"lazy\" \/>\t\t\t<\/div>\n\t\t\t\t\t<\/div>\n\t\t\t\t<\/div>\n\t\t\t\t\t\t<\/div>\n\t\t\t\t<\/div>\n\t\t\t\t\t<\/div>\n\t\t\t\t<\/div>\n\t\t<div class=\"elementor-element elementor-element-3bcad00c e-flex e-con-boxed e-con e-parent\" data-id=\"3bcad00c\" data-element_type=\"container\" data-e-type=\"container\">\n\t\t\t\t\t<div class=\"e-con-inner\">\n\t\t\t\t<div class=\"elementor-element elementor-element-2b028cd4 elementor-widget__width-initial elementor-widget elementor-widget-image-box\" data-id=\"2b028cd4\" data-element_type=\"widget\" data-e-type=\"widget\" data-widget_type=\"image-box.default\">\n\t\t\t\t\t<div class=\"elementor-image-box-wrapper\"><div class=\"elementor-image-box-content\"><h3 class=\"elementor-image-box-title\">Orari di apertura<\/h3><p class=\"elementor-image-box-description\">LUNED\u00cc &amp; VENERD\u00cc 9:00 \u2013 13:00\n<br>\n<br>\nGIOVED\u00cc 9:00 \u2013 13:00 ; 15:00 \u2013 19:00\n<br>\n<br>\nMARTED\u00cc &amp; MERCOLED\u00cc 9:00 \u2013 16:30<\/p><\/div><\/div>\t\t\t\t<\/div>\n\t\t\t\t<div class=\"elementor-element elementor-element-fbeb3fd elementor-widget__width-initial elementor-widget elementor-widget-image-box\" data-id=\"fbeb3fd\" data-element_type=\"widget\" data-e-type=\"widget\" data-widget_type=\"image-box.default\">\n\t\t\t\t\t<div class=\"elementor-image-box-wrapper\"><div class=\"elementor-image-box-content\"><h3 class=\"elementor-image-box-title\">Attivit\u00e0<\/h3><p class=\"elementor-image-box-description\">LUNED\u00cc: Laboratorio di Scacchi 17:00 \u2013 19:00\n<br>\n<br>\nMARTED\u00cc: Corso di italiano 17:30 \u2013 19:00\n<br>\n<br>\nMERCOLED\u00cc: Laboratorio di scrittura creativa e storytelling \n17:30 \u2013 19:00\n<br>\n<br>\nGIOVED\u00cc (presso Via Roma 26): Sportello cittadino 9:00 \u2013 13:00\n<br>\n<br>\nVENERD\u00cc: Laboratorio di lettura attiva 18:00 \u2013 19:00<\/p><\/div><\/div>\t\t\t\t<\/div>\n\t\t\t\t\t<\/div>\n\t\t\t\t<\/div>\n\t\t<div class=\"elementor-element elementor-element-ac2eae5 e-flex e-con-boxed e-con e-parent\" data-id=\"ac2eae5\" data-element_type=\"container\" data-e-type=\"container\">\n\t\t\t\t\t<div class=\"e-con-inner\">\n\t\t\t\t<div class=\"elementor-element elementor-element-2344cd5 elementor-widget elementor-widget-flex-hero\" data-id=\"2344cd5\" data-element_type=\"widget\" data-e-type=\"widget\" data-settings=\"{&quot;layout_preset&quot;:&quot;storytelling&quot;,&quot;primary_button_shape&quot;:&quot;round&quot;,&quot;image_shape&quot;:&quot;sharp&quot;,&quot;box_shape&quot;:&quot;sharp&quot;}\" data-widget_type=\"flex-hero.default\">\n\t\t\t\t<div class=\"elementor-widget-container\">\n\t\t\t\t\t\t\t<div class=\"has-shape-sharp shape-type-box ehp-flex-hero has-layout-preset-storytelling has-image-stretch\">\n\t\t\t\t\t\t<div class=\"ehp-flex-hero__overlay\"><\/div>\n\t\t\t<div class=\"ehp-flex-hero__content-container\">\n\t\t\t\t<h2 class=\"ehp-flex-hero__heading\">Una biblioteca di comunit\u00e0<\/h2><h3 class=\"ehp-flex-hero__subheading\">La Biblioteca di Cori \u00e8 un luogo accogliente, con ampi spazi di studio, un crescente numero di risorse, un\u2019ottima wifi, moderne postazioni computer e laboratori per tutte le et\u00e0.\n<br>\n<br>\n<b>A livello di offerta culturale, proponiamo innumerevoli presentazioni di libri, di lavori di ricerca ed eventi, come anche letture per bambini e adulti, laboratori di scacchi, di robotica e di programmazione base, di lingua italiana, nonch\u00e9 proiezioni di film.<\/b>\n\n<br>\n\n<br>\nProponiamo collaborazioni con le scuole di ogni grado, come anche l\u2019opportunit\u00e0 di effettuare tirocini universitari e\/o alternanza scuola lavoro.<\/h3>\t\t\t<div class=\"ehp-flex-hero__ctas-container\">\n\t\t\t\t\t\t<a class=\"has-shape-round shape-type-button ehp-button ehp-button--primary ehp-flex-hero__button ehp-flex-hero__button--primary is-type-button has-border\" href=\"https:\/\/www.facebook.com\/bibliotecacori\/\">\n\t\t\t\t\t<span class=\"ehp-button__text ehp-flex-hero__button-text ehp-flex-hero__button-text--primary\">\n\t\t\tPagina Facebook\t\t\t\t<\/a>\n\t\t\t\t\t\t\t\t\t<\/div>\n\t\t\t\t\t<\/div>\n\t\t\t\t<div class=\"ehp-flex-hero__image-wrapper\">\n\t\t\t\t\t<div class=\"ehp-image ehp-flex-hero__image-container\">\n\t\t\t\t<img decoding=\"async\" class=\"ehp-image__img ehp-flex-hero__img has-shape-sharp shape-type-image\" src=\"https:\/\/polygonal.ngo\/wp-content\/uploads\/2026\/01\/biblioteca-2.webp\" title=\"biblioteca-2\" alt=\"biblioteca-2\" loading=\"lazy\" \/>\t\t\t<\/div>\n\t\t\t\t\t<\/div>\n\t\t\t\t<\/div>\n\t\t\t\t\t\t<\/div>\n\t\t\t\t<\/div>\n\t\t\t\t\t<\/div>\n\t\t\t\t<\/div>\n\t\t<div class=\"elementor-element elementor-element-4d67185 e-flex e-con-boxed e-con e-parent\" data-id=\"4d67185\" data-element_type=\"container\" data-e-type=\"container\">\n\t\t\t\t\t<div class=\"e-con-inner\">\n\t\t\t\t<div class=\"elementor-element elementor-element-f5b47e0 elementor-widget elementor-widget-flex-hero\" data-id=\"f5b47e0\" data-element_type=\"widget\" data-e-type=\"widget\" data-settings=\"{&quot;primary_button_shape&quot;:&quot;round&quot;,&quot;layout_preset&quot;:&quot;showcase&quot;,&quot;layout_column_structure&quot;:&quot;50-50&quot;,&quot;layout_image_position&quot;:&quot;end&quot;,&quot;image_shape&quot;:&quot;sharp&quot;,&quot;box_shape&quot;:&quot;sharp&quot;}\" data-widget_type=\"flex-hero.default\">\n\t\t\t\t<div class=\"elementor-widget-container\">\n\t\t\t\t\t\t\t<div class=\"has-shape-sharp shape-type-box has-column-structure-50-50  ehp-flex-hero has-layout-preset-showcase has-image-stretch has-image-position-end\">\n\t\t\t\t\t\t<div class=\"ehp-flex-hero__overlay\"><\/div>\n\t\t\t<div class=\"ehp-flex-hero__content-container\">\n\t\t\t\t<h2 class=\"ehp-flex-hero__heading\">Un archivio popolare<\/h2><h3 class=\"ehp-flex-hero__subheading\">L\u2019Archivio Storico \u00e8 punto di riferimento per numerosi studenti universitari, per studiosi esperti e per i cultori di storia locale. Nell\u2019Archivio \u00e8 possibile trovare documenti a partire dal 1519.\n\n<br>\n\n<br>\n\n<b>L\u2019attivit\u00e0 principale svolta nell\u2019Archivio storico \u00e8 la consultazione del materiale per fini storici, da parte di studiosi, ricercatori, studenti e da un pubblico non specialista, attraverso l\u2019assistenza offerta dai responsabili.<\/b>\n\n<br>\n\n<br>\n\nAbbiamo avviato laboratori didattici con le scuole e le associazioni, allo scopo di avvicinare a un mondo sconosciuto ai pi\u00f9, facendo s\u00ec che i pi\u00f9 giovani possano appassionarsi alla storia locale. <b>Soprattutto, ci siamo concentrati su tematiche attuali, con occhio verso il passato: diritti delle donne, ambiente, cucina antica, diritti dei bambini, antirazzismo ecc.<\/b>\n\n<br>\n\n<br>\n\nSono in corso importanti iniziative di valorizzazione, tanto sulla documentazione conservata presso l\u2019archivio storico, quanto su documentazione conservata presso fondi archivistici privati.<\/h3>\t\t\t<div class=\"ehp-flex-hero__ctas-container\">\n\t\t\t\t\t\t<a class=\"has-shape-round shape-type-button ehp-button ehp-button--primary ehp-flex-hero__button ehp-flex-hero__button--primary is-type-button has-border\" href=\"mailto:archiviostorico@comune.cori.lt.it\">\n\t\t\t\t\t<span class=\"ehp-button__text ehp-flex-hero__button-text ehp-flex-hero__button-text--primary\">\n\t\t\tContattaci\t\t\t\t<\/a>\n\t\t\t\t\t\t\t\t\t<\/div>\n\t\t\t\t\t<\/div>\n\t\t\t\t<div class=\"ehp-flex-hero__image-wrapper\">\n\t\t\t\t\t<div class=\"ehp-image ehp-flex-hero__image-container\">\n\t\t\t\t<img decoding=\"async\" class=\"ehp-image__img ehp-flex-hero__img has-shape-sharp shape-type-image\" src=\"https:\/\/polygonal.ngo\/wp-content\/uploads\/2026\/01\/biblioteca-3.webp\" title=\"biblioteca-3\" alt=\"biblioteca-3\" loading=\"lazy\" \/>\t\t\t<\/div>\n\t\t\t\t\t<\/div>\n\t\t\t\t<\/div>\n\t\t\t\t\t\t<\/div>\n\t\t\t\t<\/div>\n\t\t\t\t\t<\/div>\n\t\t\t\t<\/div>\n\t\t<div class=\"elementor-element elementor-element-c8ffa9c e-flex e-con-boxed e-con e-parent\" data-id=\"c8ffa9c\" data-element_type=\"container\" data-e-type=\"container\">\n\t\t\t\t\t<div class=\"e-con-inner\">\n\t\t\t\t<div class=\"elementor-element elementor-element-c00b89e elementor-widget elementor-widget-heading\" data-id=\"c00b89e\" data-element_type=\"widget\" data-e-type=\"widget\" data-widget_type=\"heading.default\">\n\t\t\t\t\t<h1 class=\"elementor-heading-title elementor-size-default\">Trasparenza<\/h1>\t\t\t\t<\/div>\n\t\t\t\t<div class=\"elementor-element elementor-element-0f36a40 elementor-widget-divider--view-line elementor-widget elementor-widget-divider\" data-id=\"0f36a40\" data-element_type=\"widget\" data-e-type=\"widget\" data-widget_type=\"divider.default\">\n\t\t\t\t\t\t\t<div class=\"elementor-divider\">\n\t\t\t<span class=\"elementor-divider-separator\">\n\t\t\t\t\t\t<\/span>\n\t\t<\/div>\n\t\t\t\t\t\t<\/div>\n\t\t\t\t<div class=\"elementor-element elementor-element-9f6bf00 elementor-widget elementor-widget-text-editor\" data-id=\"9f6bf00\" data-element_type=\"widget\" data-e-type=\"widget\" data-widget_type=\"text-editor.default\">\n\t\t\t\t\t\t\t\t\t<div class=\"elementor-element elementor-element-4fae895 elementor-widget elementor-widget-text-editor\" data-id=\"4fae895\" data-element_type=\"widget\" data-widget_type=\"text-editor.default\"><div class=\"elementor-widget-container\"><p class=\"query-text-line ng-star-inserted\">Lista dei contributi pubblici a favore di APS Polygonal<\/p><\/div><\/div>\t\t\t\t\t\t\t\t<\/div>\n\t\t\t\t<div class=\"elementor-element elementor-element-92f7b16 elementor-align-center elementor-widget elementor-widget-button\" data-id=\"92f7b16\" data-element_type=\"widget\" data-e-type=\"widget\" data-widget_type=\"button.default\">\n\t\t\t\t\t\t\t\t\t\t<a class=\"elementor-button elementor-button-link elementor-size-sm\" href=\"https:\/\/docs.google.com\/spreadsheets\/d\/1Gsk-KOQfpC_Il6688i7zKKf2a94ZnsDDioFDZyrLEwk\/edit?gid=0#gid=0\">\n\t\t\t\t\t\t<span class=\"elementor-button-content-wrapper\">\n\t\t\t\t\t\t\t\t\t<span class=\"elementor-button-text\">Scopri di pi\u00f9<\/span>\n\t\t\t\t\t<\/span>\n\t\t\t\t\t<\/a>\n\t\t\t\t\t\t\t\t<\/div>\n\t\t\t\t\t<\/div>\n\t\t\t\t<\/div>\n\t\t\t\t<\/div>\n\t\t","protected":false},"excerpt":{"rendered":"<p>Biblioteca di Cori Come Polygonal, siamo orgogliosi di gestire la biblioteca e l\u2019archivio storico del Comune di Cori. Contattaci Orari di apertura LUNED\u00cc &amp; VENERD\u00cc 9:00 \u2013 13:00 GIOVED\u00cc 9:00 \u2013 13:00 ; 15:00 \u2013 19:00 MARTED\u00cc &amp; MERCOLED\u00cc 9:00 \u2013 16:30 Attivit\u00e0 LUNED\u00cc: Laboratorio di Scacchi 17:00 \u2013 19:00 MARTED\u00cc: Corso di italiano 17:30 [&hellip;]<\/p>\n","protected":false},"author":1,"featured_media":0,"parent":0,"menu_order":0,"comment_status":"closed","ping_status":"closed","template":"elementor_header_footer","meta":{"footnotes":""},"class_list":["post-773","page","type-page","status-publish","hentry"],"yoast_head":"<!-- This site is optimized with the Yoast SEO plugin v27.1.1 - https:\/\/yoast.com\/product\/yoast-seo-wordpress\/ -->\n<title>Biblioteca - APS Polygonal<\/title>\n<meta name=\"robots\" content=\"index, follow, max-snippet:-1, max-image-preview:large, max-video-preview:-1\" \/>\n<link rel=\"canonical\" href=\"https:\/\/polygonal.ngo\/it\/biblioteca\/\" \/>\n<meta property=\"og:locale\" content=\"it_IT\" \/>\n<meta property=\"og:type\" content=\"article\" \/>\n<meta property=\"og:title\" content=\"Biblioteca - APS Polygonal\" \/>\n<meta property=\"og:description\" content=\"Biblioteca di Cori Come Polygonal, siamo orgogliosi di gestire la biblioteca e l\u2019archivio storico del Comune di Cori. Contattaci Orari di apertura LUNED\u00cc &amp; VENERD\u00cc 9:00 \u2013 13:00 GIOVED\u00cc 9:00 \u2013 13:00 ; 15:00 \u2013 19:00 MARTED\u00cc &amp; MERCOLED\u00cc 9:00 \u2013 16:30 Attivit\u00e0 LUNED\u00cc: Laboratorio di Scacchi 17:00 \u2013 19:00 MARTED\u00cc: Corso di italiano 17:30 [&hellip;]\" \/>\n<meta property=\"og:url\" content=\"https:\/\/polygonal.ngo\/it\/biblioteca\/\" \/>\n<meta property=\"og:site_name\" content=\"APS Polygonal\" \/>\n<meta property=\"article:publisher\" content=\"https:\/\/www.facebook.com\/polygonal.ngo\" \/>\n<meta property=\"article:modified_time\" content=\"2026-01-21T15:10:03+00:00\" \/>\n<meta property=\"og:image\" content=\"https:\/\/dev.polygonal.ngo\/wp-content\/uploads\/2026\/01\/biblioteca-1.webp\" \/>\n<meta name=\"twitter:card\" content=\"summary_large_image\" \/>\n<meta name=\"twitter:site\" content=\"@publicmaker\" \/>\n<meta name=\"twitter:label1\" content=\"Tempo di lettura stimato\" \/>\n\t<meta name=\"twitter:data1\" content=\"2 minuti\" \/>\n<script type=\"application\/ld+json\" class=\"yoast-schema-graph\">{\"@context\":\"https:\/\/schema.org\",\"@graph\":[{\"@type\":\"WebPage\",\"@id\":\"https:\/\/polygonal.ngo\/it\/biblioteca\/\",\"url\":\"https:\/\/polygonal.ngo\/it\/biblioteca\/\",\"name\":\"Biblioteca - APS Polygonal\",\"isPartOf\":{\"@id\":\"https:\/\/polygonal.ngo\/it\/#website\"},\"primaryImageOfPage\":{\"@id\":\"https:\/\/polygonal.ngo\/it\/biblioteca\/#primaryimage\"},\"image\":{\"@id\":\"https:\/\/polygonal.ngo\/it\/biblioteca\/#primaryimage\"},\"thumbnailUrl\":\"https:\/\/dev.polygonal.ngo\/wp-content\/uploads\/2026\/01\/biblioteca-1.webp\",\"datePublished\":\"2026-01-15T13:54:22+00:00\",\"dateModified\":\"2026-01-21T15:10:03+00:00\",\"breadcrumb\":{\"@id\":\"https:\/\/polygonal.ngo\/it\/biblioteca\/#breadcrumb\"},\"inLanguage\":\"it-IT\",\"potentialAction\":[{\"@type\":\"ReadAction\",\"target\":[\"https:\/\/polygonal.ngo\/it\/biblioteca\/\"]}]},{\"@type\":\"ImageObject\",\"inLanguage\":\"it-IT\",\"@id\":\"https:\/\/polygonal.ngo\/it\/biblioteca\/#primaryimage\",\"url\":\"https:\/\/dev.polygonal.ngo\/wp-content\/uploads\/2026\/01\/biblioteca-1.webp\",\"contentUrl\":\"https:\/\/dev.polygonal.ngo\/wp-content\/uploads\/2026\/01\/biblioteca-1.webp\"},{\"@type\":\"BreadcrumbList\",\"@id\":\"https:\/\/polygonal.ngo\/it\/biblioteca\/#breadcrumb\",\"itemListElement\":[{\"@type\":\"ListItem\",\"position\":1,\"name\":\"Home\",\"item\":\"https:\/\/polygonal.ngo\/it\/\"},{\"@type\":\"ListItem\",\"position\":2,\"name\":\"Biblioteca\"}]},{\"@type\":\"WebSite\",\"@id\":\"https:\/\/polygonal.ngo\/it\/#website\",\"url\":\"https:\/\/polygonal.ngo\/it\/\",\"name\":\"APS Polygonal\",\"description\":\"Polygonal \u00e8 una comunit\u00e0 giovanile focalizzata sull&#039;educazione digitale per il cambiamento sociale\",\"publisher\":{\"@id\":\"https:\/\/polygonal.ngo\/it\/#organization\"},\"potentialAction\":[{\"@type\":\"SearchAction\",\"target\":{\"@type\":\"EntryPoint\",\"urlTemplate\":\"https:\/\/polygonal.ngo\/it\/?s={search_term_string}\"},\"query-input\":{\"@type\":\"PropertyValueSpecification\",\"valueRequired\":true,\"valueName\":\"search_term_string\"}}],\"inLanguage\":\"it-IT\"},{\"@type\":\"Organization\",\"@id\":\"https:\/\/polygonal.ngo\/it\/#organization\",\"name\":\"APS Polygonal\",\"url\":\"https:\/\/polygonal.ngo\/it\/\",\"logo\":{\"@type\":\"ImageObject\",\"inLanguage\":\"it-IT\",\"@id\":\"https:\/\/polygonal.ngo\/it\/#\/schema\/logo\/image\/\",\"url\":\"https:\/\/polygonal.ngo\/wp-content\/uploads\/2026\/01\/logo-nero.webp\",\"contentUrl\":\"https:\/\/polygonal.ngo\/wp-content\/uploads\/2026\/01\/logo-nero.webp\",\"width\":512,\"height\":512,\"caption\":\"APS Polygonal\"},\"image\":{\"@id\":\"https:\/\/polygonal.ngo\/it\/#\/schema\/logo\/image\/\"},\"sameAs\":[\"https:\/\/www.facebook.com\/polygonal.ngo\",\"https:\/\/x.com\/publicmaker\",\"https:\/\/www.instagram.com\/polygonal.ngo\",\"https:\/\/it.linkedin.com\/company\/polygonalngo\"]}]}<\/script>\n<!-- \/ Yoast SEO plugin. -->","yoast_head_json":{"title":"Biblioteca - APS Polygonal","robots":{"index":"index","follow":"follow","max-snippet":"max-snippet:-1","max-image-preview":"max-image-preview:large","max-video-preview":"max-video-preview:-1"},"canonical":"https:\/\/polygonal.ngo\/it\/biblioteca\/","og_locale":"it_IT","og_type":"article","og_title":"Biblioteca - APS Polygonal","og_description":"Biblioteca di Cori Come Polygonal, siamo orgogliosi di gestire la biblioteca e l\u2019archivio storico del Comune di Cori. Contattaci Orari di apertura LUNED\u00cc &amp; VENERD\u00cc 9:00 \u2013 13:00 GIOVED\u00cc 9:00 \u2013 13:00 ; 15:00 \u2013 19:00 MARTED\u00cc &amp; MERCOLED\u00cc 9:00 \u2013 16:30 Attivit\u00e0 LUNED\u00cc: Laboratorio di Scacchi 17:00 \u2013 19:00 MARTED\u00cc: Corso di italiano 17:30 [&hellip;]","og_url":"https:\/\/polygonal.ngo\/it\/biblioteca\/","og_site_name":"APS Polygonal","article_publisher":"https:\/\/www.facebook.com\/polygonal.ngo","article_modified_time":"2026-01-21T15:10:03+00:00","og_image":[{"url":"https:\/\/dev.polygonal.ngo\/wp-content\/uploads\/2026\/01\/biblioteca-1.webp","type":"","width":"","height":""}],"twitter_card":"summary_large_image","twitter_site":"@publicmaker","twitter_misc":{"Tempo di lettura stimato":"2 minuti"},"schema":{"@context":"https:\/\/schema.org","@graph":[{"@type":"WebPage","@id":"https:\/\/polygonal.ngo\/it\/biblioteca\/","url":"https:\/\/polygonal.ngo\/it\/biblioteca\/","name":"Biblioteca - APS Polygonal","isPartOf":{"@id":"https:\/\/polygonal.ngo\/it\/#website"},"primaryImageOfPage":{"@id":"https:\/\/polygonal.ngo\/it\/biblioteca\/#primaryimage"},"image":{"@id":"https:\/\/polygonal.ngo\/it\/biblioteca\/#primaryimage"},"thumbnailUrl":"https:\/\/dev.polygonal.ngo\/wp-content\/uploads\/2026\/01\/biblioteca-1.webp","datePublished":"2026-01-15T13:54:22+00:00","dateModified":"2026-01-21T15:10:03+00:00","breadcrumb":{"@id":"https:\/\/polygonal.ngo\/it\/biblioteca\/#breadcrumb"},"inLanguage":"it-IT","potentialAction":[{"@type":"ReadAction","target":["https:\/\/polygonal.ngo\/it\/biblioteca\/"]}]},{"@type":"ImageObject","inLanguage":"it-IT","@id":"https:\/\/polygonal.ngo\/it\/biblioteca\/#primaryimage","url":"https:\/\/dev.polygonal.ngo\/wp-content\/uploads\/2026\/01\/biblioteca-1.webp","contentUrl":"https:\/\/dev.polygonal.ngo\/wp-content\/uploads\/2026\/01\/biblioteca-1.webp"},{"@type":"BreadcrumbList","@id":"https:\/\/polygonal.ngo\/it\/biblioteca\/#breadcrumb","itemListElement":[{"@type":"ListItem","position":1,"name":"Home","item":"https:\/\/polygonal.ngo\/it\/"},{"@type":"ListItem","position":2,"name":"Biblioteca"}]},{"@type":"WebSite","@id":"https:\/\/polygonal.ngo\/it\/#website","url":"https:\/\/polygonal.ngo\/it\/","name":"APS Polygonal","description":"Polygonal \u00e8 una comunit\u00e0 giovanile focalizzata sull&#039;educazione digitale per il cambiamento sociale","publisher":{"@id":"https:\/\/polygonal.ngo\/it\/#organization"},"potentialAction":[{"@type":"SearchAction","target":{"@type":"EntryPoint","urlTemplate":"https:\/\/polygonal.ngo\/it\/?s={search_term_string}"},"query-input":{"@type":"PropertyValueSpecification","valueRequired":true,"valueName":"search_term_string"}}],"inLanguage":"it-IT"},{"@type":"Organization","@id":"https:\/\/polygonal.ngo\/it\/#organization","name":"APS Polygonal","url":"https:\/\/polygonal.ngo\/it\/","logo":{"@type":"ImageObject","inLanguage":"it-IT","@id":"https:\/\/polygonal.ngo\/it\/#\/schema\/logo\/image\/","url":"https:\/\/polygonal.ngo\/wp-content\/uploads\/2026\/01\/logo-nero.webp","contentUrl":"https:\/\/polygonal.ngo\/wp-content\/uploads\/2026\/01\/logo-nero.webp","width":512,"height":512,"caption":"APS Polygonal"},"image":{"@id":"https:\/\/polygonal.ngo\/it\/#\/schema\/logo\/image\/"},"sameAs":["https:\/\/www.facebook.com\/polygonal.ngo","https:\/\/x.com\/publicmaker","https:\/\/www.instagram.com\/polygonal.ngo","https:\/\/it.linkedin.com\/company\/polygonalngo"]}]}},"_links":{"self":[{"href":"https:\/\/polygonal.ngo\/it\/wp-json\/wp\/v2\/pages\/773","targetHints":{"allow":["GET"]}}],"collection":[{"href":"https:\/\/polygonal.ngo\/it\/wp-json\/wp\/v2\/pages"}],"about":[{"href":"https:\/\/polygonal.ngo\/it\/wp-json\/wp\/v2\/types\/page"}],"author":[{"embeddable":true,"href":"https:\/\/polygonal.ngo\/it\/wp-json\/wp\/v2\/users\/1"}],"replies":[{"embeddable":true,"href":"https:\/\/polygonal.ngo\/it\/wp-json\/wp\/v2\/comments?post=773"}],"version-history":[{"count":17,"href":"https:\/\/polygonal.ngo\/it\/wp-json\/wp\/v2\/pages\/773\/revisions"}],"predecessor-version":[{"id":1152,"href":"https:\/\/polygonal.ngo\/it\/wp-json\/wp\/v2\/pages\/773\/revisions\/1152"}],"wp:attachment":[{"href":"https:\/\/polygonal.ngo\/it\/wp-json\/wp\/v2\/media?parent=773"}],"curies":[{"name":"wp","href":"https:\/\/api.w.org\/{rel}","templated":true}]}}